{"id":2434,"date":"2025-10-02T15:18:29","date_gmt":"2025-10-02T13:18:29","guid":{"rendered":"https:\/\/logcarving.hu\/?page_id=2434"},"modified":"2025-10-02T15:39:08","modified_gmt":"2025-10-02T13:39:08","slug":"thank-you-page","status":"publish","type":"page","link":"https:\/\/logcarving.hu\/en\/koszono-oldal\/","title":{"rendered":"Thank you page"},"content":{"rendered":"<div data-elementor-type=\"wp-page\" data-elementor-id=\"2434\" class=\"elementor elementor-2434\" data-elementor-post-type=\"page\">\n\t\t\t\t<div class=\"elementor-element elementor-element-deded6a e-flex e-con-boxed e-con e-parent\" data-id=\"deded6a\" data-element_type=\"container\" data-e-type=\"container\" data-settings=\"{&quot;background_background&quot;:&quot;classic&quot;}\">\n\t\t\t\t\t<div class=\"e-con-inner\">\n\t\t\t\t<div class=\"elementor-element elementor-element-927a1f5 elementor-widget elementor-widget-heading\" data-id=\"927a1f5\" data-element_type=\"widget\" data-e-type=\"widget\" data-widget_type=\"heading.default\">\n\t\t\t\t<div class=\"elementor-widget-container\">\n\t\t\t\t\t<h2 class=\"elementor-heading-title elementor-size-default\">You have successfully submitted the form!<br>\n<br>Thank you!<\/h2>\t\t\t\t<\/div>\n\t\t\t\t<\/div>\n\t\t\t\t<div class=\"elementor-element elementor-element-8242c40 elementor-widget elementor-widget-image\" data-id=\"8242c40\" data-element_type=\"widget\" data-e-type=\"widget\" data-widget_type=\"image.default\">\n\t\t\t\t<div class=\"elementor-widget-container\">\n\t\t\t\t\t\t\t\t\t\t\t\t\t\t\t<img fetchpriority=\"high\" decoding=\"async\" width=\"1024\" height=\"1024\" src=\"https:\/\/logcarving.hu\/wp-content\/uploads\/2025\/08\/ChatGPT-Image-2025.-aug.-6.-11_25_29.webp\" class=\"attachment-large size-large wp-image-2021\" alt=\"\" srcset=\"https:\/\/logcarving.hu\/wp-content\/uploads\/2025\/08\/ChatGPT-Image-2025.-aug.-6.-11_25_29.webp 1024w, https:\/\/logcarving.hu\/wp-content\/uploads\/2025\/08\/ChatGPT-Image-2025.-aug.-6.-11_25_29-300x300.webp 300w, https:\/\/logcarving.hu\/wp-content\/uploads\/2025\/08\/ChatGPT-Image-2025.-aug.-6.-11_25_29-150x150.webp 150w, https:\/\/logcarving.hu\/wp-content\/uploads\/2025\/08\/ChatGPT-Image-2025.-aug.-6.-11_25_29-768x768.webp 768w\" sizes=\"(max-width: 1024px) 100vw, 1024px\" \/>\t\t\t\t\t\t\t\t\t\t\t\t\t\t\t<\/div>\n\t\t\t\t<\/div>\n\t\t\t\t\t<\/div>\n\t\t\t\t<\/div>\n\t\t\t\t<\/div>","protected":false},"excerpt":{"rendered":"<p>You have successfully submitted the form! Thank you!<\/p>","protected":false},"author":1,"featured_media":0,"parent":0,"menu_order":0,"comment_status":"closed","ping_status":"closed","template":"","meta":{"site-sidebar-layout":"no-sidebar","site-content-layout":"page-builder","ast-site-content-layout":"full-width-container","site-content-style":"default","site-sidebar-style":"default","ast-global-header-display":"","ast-banner-title-visibility":"","ast-main-header-display":"","ast-hfb-above-header-display":"","ast-hfb-below-header-display":"","ast-hfb-mobile-header-display":"","site-post-title":"disabled","ast-breadcrumbs-content":"","ast-featured-img":"disabled","footer-sml-layout":"","ast-disable-related-posts":"","theme-transparent-header-meta":"default","adv-header-id-meta":"","stick-header-meta":"","header-above-stick-meta":"","header-main-stick-meta":"","header-below-stick-meta":"","astra-migrate-meta-layouts":"set","ast-page-background-enabled":"default","ast-page-background-meta":{"desktop":{"background-color":"var(--ast-global-color-4)","background-image":"","background-repeat":"repeat","background-position":"center center","background-size":"auto","background-attachment":"scroll","background-type":"","background-media":"","overlay-type":"","overlay-color":"","overlay-opacity":"","overlay-gradient":""},"tablet":{"background-color":"","background-image":"","background-repeat":"repeat","background-position":"center center","background-size":"auto","background-attachment":"scroll","background-type":"","background-media":"","overlay-type":"","overlay-color":"","overlay-opacity":"","overlay-gradient":""},"mobile":{"background-color":"","background-image":"","background-repeat":"repeat","background-position":"center center","background-size":"auto","background-attachment":"scroll","background-type":"","background-media":"","overlay-type":"","overlay-color":"","overlay-opacity":"","overlay-gradient":""}},"ast-content-background-meta":{"desktop":{"background-color":"var(--ast-global-color-5)","background-image":"","background-repeat":"repeat","background-position":"center center","background-size":"auto","background-attachment":"scroll","background-type":"","background-media":"","overlay-type":"","overlay-color":"","overlay-opacity":"","overlay-gradient":""},"tablet":{"background-color":"var(--ast-global-color-5)","background-image":"","background-repeat":"repeat","background-position":"center center","background-size":"auto","background-attachment":"scroll","background-type":"","background-media":"","overlay-type":"","overlay-color":"","overlay-opacity":"","overlay-gradient":""},"mobile":{"background-color":"var(--ast-global-color-5)","background-image":"","background-repeat":"repeat","background-position":"center center","background-size":"auto","background-attachment":"scroll","background-type":"","background-media":"","overlay-type":"","overlay-color":"","overlay-opacity":"","overlay-gradient":""}},"footnotes":""},"class_list":["post-2434","page","type-page","status-publish","hentry"],"yoast_head":"<!-- This site is optimized with the Yoast SEO Premium plugin v27.5 (Yoast SEO v27.5) - https:\/\/yoast.com\/product\/yoast-seo-premium-wordpress\/ -->\n<title>K\u00f6sz\u00f6n\u0151 oldal - Logcarving<\/title>\n<meta name=\"robots\" content=\"index, follow, max-snippet:-1, max-image-preview:large, max-video-preview:-1\" \/>\n<link rel=\"canonical\" href=\"https:\/\/logcarving.hu\/en\/thank-you-page\/\" \/>\n<meta property=\"og:locale\" content=\"en_GB\" \/>\n<meta property=\"og:type\" content=\"article\" \/>\n<meta property=\"og:title\" content=\"K\u00f6sz\u00f6n\u0151 oldal\" \/>\n<meta property=\"og:description\" content=\"Az \u0171rlapot sikeresen elk\u00fcldted! K\u00f6sz\u00f6n\u00f6m!\" \/>\n<meta property=\"og:url\" content=\"https:\/\/logcarving.hu\/en\/thank-you-page\/\" \/>\n<meta property=\"og:site_name\" content=\"Logcarving\" \/>\n<meta property=\"article:modified_time\" content=\"2025-10-02T13:39:08+00:00\" \/>\n<meta property=\"og:image\" content=\"https:\/\/logcarving.hu\/wp-content\/uploads\/2025\/08\/ChatGPT-Image-2025.-aug.-6.-11_25_29.webp\" \/>\n<meta name=\"twitter:card\" content=\"summary_large_image\" \/>\n<script type=\"application\/ld+json\" class=\"yoast-schema-graph\">{\"@context\":\"https:\\\/\\\/schema.org\",\"@graph\":[{\"@type\":\"WebPage\",\"@id\":\"https:\\\/\\\/logcarving.hu\\\/koszono-oldal\\\/\",\"url\":\"https:\\\/\\\/logcarving.hu\\\/koszono-oldal\\\/\",\"name\":\"K\u00f6sz\u00f6n\u0151 oldal - Logcarving\",\"isPartOf\":{\"@id\":\"https:\\\/\\\/logcarving.hu\\\/#website\"},\"primaryImageOfPage\":{\"@id\":\"https:\\\/\\\/logcarving.hu\\\/koszono-oldal\\\/#primaryimage\"},\"image\":{\"@id\":\"https:\\\/\\\/logcarving.hu\\\/koszono-oldal\\\/#primaryimage\"},\"thumbnailUrl\":\"https:\\\/\\\/logcarving.hu\\\/wp-content\\\/uploads\\\/2025\\\/08\\\/ChatGPT-Image-2025.-aug.-6.-11_25_29.webp\",\"datePublished\":\"2025-10-02T13:18:29+00:00\",\"dateModified\":\"2025-10-02T13:39:08+00:00\",\"breadcrumb\":{\"@id\":\"https:\\\/\\\/logcarving.hu\\\/koszono-oldal\\\/#breadcrumb\"},\"inLanguage\":\"en-GB\",\"potentialAction\":[{\"@type\":\"ReadAction\",\"target\":[\"https:\\\/\\\/logcarving.hu\\\/koszono-oldal\\\/\"]}]},{\"@type\":\"ImageObject\",\"inLanguage\":\"en-GB\",\"@id\":\"https:\\\/\\\/logcarving.hu\\\/koszono-oldal\\\/#primaryimage\",\"url\":\"https:\\\/\\\/logcarving.hu\\\/wp-content\\\/uploads\\\/2025\\\/08\\\/ChatGPT-Image-2025.-aug.-6.-11_25_29.webp\",\"contentUrl\":\"https:\\\/\\\/logcarving.hu\\\/wp-content\\\/uploads\\\/2025\\\/08\\\/ChatGPT-Image-2025.-aug.-6.-11_25_29.webp\"},{\"@type\":\"BreadcrumbList\",\"@id\":\"https:\\\/\\\/logcarving.hu\\\/koszono-oldal\\\/#breadcrumb\",\"itemListElement\":[{\"@type\":\"ListItem\",\"position\":1,\"name\":\"Kezd\u0151lap\",\"item\":\"https:\\\/\\\/logcarving.hu\\\/\"},{\"@type\":\"ListItem\",\"position\":2,\"name\":\"K\u00f6sz\u00f6n\u0151 oldal\"}]},{\"@type\":\"WebSite\",\"@id\":\"https:\\\/\\\/logcarving.hu\\\/#website\",\"url\":\"https:\\\/\\\/logcarving.hu\\\/\",\"name\":\"Logcarving\",\"description\":\"Fafarag\u00e1s \u00e9s r\u00f6nkb\u00fator k\u00e9sz\u00edt\u00e9s\",\"publisher\":{\"@id\":\"https:\\\/\\\/logcarving.hu\\\/#organization\"},\"potentialAction\":[{\"@type\":\"SearchAction\",\"target\":{\"@type\":\"EntryPoint\",\"urlTemplate\":\"https:\\\/\\\/logcarving.hu\\\/?s={search_term_string}\"},\"query-input\":{\"@type\":\"PropertyValueSpecification\",\"valueRequired\":true,\"valueName\":\"search_term_string\"}}],\"inLanguage\":\"en-GB\"},{\"@type\":\"Organization\",\"@id\":\"https:\\\/\\\/logcarving.hu\\\/#organization\",\"name\":\"Logcarving\",\"url\":\"https:\\\/\\\/logcarving.hu\\\/\",\"logo\":{\"@type\":\"ImageObject\",\"inLanguage\":\"en-GB\",\"@id\":\"https:\\\/\\\/logcarving.hu\\\/#\\\/schema\\\/logo\\\/image\\\/\",\"url\":\"https:\\\/\\\/logcarving.hu\\\/wp-content\\\/uploads\\\/2025\\\/06\\\/erasebg-transformed.webp\",\"contentUrl\":\"https:\\\/\\\/logcarving.hu\\\/wp-content\\\/uploads\\\/2025\\\/06\\\/erasebg-transformed.webp\",\"width\":375,\"height\":375,\"caption\":\"Logcarving\"},\"image\":{\"@id\":\"https:\\\/\\\/logcarving.hu\\\/#\\\/schema\\\/logo\\\/image\\\/\"}}]}<\/script>\n<!-- \/ Yoast SEO Premium plugin. -->","yoast_head_json":{"title":"Thank you page - Logcarving","robots":{"index":"index","follow":"follow","max-snippet":"max-snippet:-1","max-image-preview":"max-image-preview:large","max-video-preview":"max-video-preview:-1"},"canonical":"https:\/\/logcarving.hu\/en\/thank-you-page\/","og_locale":"en_GB","og_type":"article","og_title":"K\u00f6sz\u00f6n\u0151 oldal","og_description":"Az \u0171rlapot sikeresen elk\u00fcldted! K\u00f6sz\u00f6n\u00f6m!","og_url":"https:\/\/logcarving.hu\/en\/thank-you-page\/","og_site_name":"Logcarving","article_modified_time":"2025-10-02T13:39:08+00:00","og_image":[{"url":"https:\/\/logcarving.hu\/wp-content\/uploads\/2025\/08\/ChatGPT-Image-2025.-aug.-6.-11_25_29.webp","type":"","width":"","height":""}],"twitter_card":"summary_large_image","schema":{"@context":"https:\/\/schema.org","@graph":[{"@type":"WebPage","@id":"https:\/\/logcarving.hu\/koszono-oldal\/","url":"https:\/\/logcarving.hu\/koszono-oldal\/","name":"Thank you page - Logcarving","isPartOf":{"@id":"https:\/\/logcarving.hu\/#website"},"primaryImageOfPage":{"@id":"https:\/\/logcarving.hu\/koszono-oldal\/#primaryimage"},"image":{"@id":"https:\/\/logcarving.hu\/koszono-oldal\/#primaryimage"},"thumbnailUrl":"https:\/\/logcarving.hu\/wp-content\/uploads\/2025\/08\/ChatGPT-Image-2025.-aug.-6.-11_25_29.webp","datePublished":"2025-10-02T13:18:29+00:00","dateModified":"2025-10-02T13:39:08+00:00","breadcrumb":{"@id":"https:\/\/logcarving.hu\/koszono-oldal\/#breadcrumb"},"inLanguage":"en-GB","potentialAction":[{"@type":"ReadAction","target":["https:\/\/logcarving.hu\/koszono-oldal\/"]}]},{"@type":"ImageObject","inLanguage":"en-GB","@id":"https:\/\/logcarving.hu\/koszono-oldal\/#primaryimage","url":"https:\/\/logcarving.hu\/wp-content\/uploads\/2025\/08\/ChatGPT-Image-2025.-aug.-6.-11_25_29.webp","contentUrl":"https:\/\/logcarving.hu\/wp-content\/uploads\/2025\/08\/ChatGPT-Image-2025.-aug.-6.-11_25_29.webp"},{"@type":"BreadcrumbList","@id":"https:\/\/logcarving.hu\/koszono-oldal\/#breadcrumb","itemListElement":[{"@type":"ListItem","position":1,"name":"Kezd\u0151lap","item":"https:\/\/logcarving.hu\/"},{"@type":"ListItem","position":2,"name":"K\u00f6sz\u00f6n\u0151 oldal"}]},{"@type":"WebSite","@id":"https:\/\/logcarving.hu\/#website","url":"https:\/\/logcarving.hu\/","name":"Logcarving","description":"Woodcarving and log furniture making","publisher":{"@id":"https:\/\/logcarving.hu\/#organization"},"potentialAction":[{"@type":"SearchAction","target":{"@type":"EntryPoint","urlTemplate":"https:\/\/logcarving.hu\/?s={search_term_string}"},"query-input":{"@type":"PropertyValueSpecification","valueRequired":true,"valueName":"search_term_string"}}],"inLanguage":"en-GB"},{"@type":"Organization","@id":"https:\/\/logcarving.hu\/#organization","name":"Logcarving","url":"https:\/\/logcarving.hu\/","logo":{"@type":"ImageObject","inLanguage":"en-GB","@id":"https:\/\/logcarving.hu\/#\/schema\/logo\/image\/","url":"https:\/\/logcarving.hu\/wp-content\/uploads\/2025\/06\/erasebg-transformed.webp","contentUrl":"https:\/\/logcarving.hu\/wp-content\/uploads\/2025\/06\/erasebg-transformed.webp","width":375,"height":375,"caption":"Logcarving"},"image":{"@id":"https:\/\/logcarving.hu\/#\/schema\/logo\/image\/"}}]}},"_links":{"self":[{"href":"https:\/\/logcarving.hu\/en\/wp-json\/wp\/v2\/pages\/2434","targetHints":{"allow":["GET"]}}],"collection":[{"href":"https:\/\/logcarving.hu\/en\/wp-json\/wp\/v2\/pages"}],"about":[{"href":"https:\/\/logcarving.hu\/en\/wp-json\/wp\/v2\/types\/page"}],"author":[{"embeddable":true,"href":"https:\/\/logcarving.hu\/en\/wp-json\/wp\/v2\/users\/1"}],"replies":[{"embeddable":true,"href":"https:\/\/logcarving.hu\/en\/wp-json\/wp\/v2\/comments?post=2434"}],"version-history":[{"count":16,"href":"https:\/\/logcarving.hu\/en\/wp-json\/wp\/v2\/pages\/2434\/revisions"}],"predecessor-version":[{"id":2456,"href":"https:\/\/logcarving.hu\/en\/wp-json\/wp\/v2\/pages\/2434\/revisions\/2456"}],"wp:attachment":[{"href":"https:\/\/logcarving.hu\/en\/wp-json\/wp\/v2\/media?parent=2434"}],"curies":[{"name":"wp","href":"https:\/\/api.w.org\/{rel}","templated":true}]}}