{"id":2056,"date":"2025-08-18T11:28:53","date_gmt":"2025-08-18T09:28:53","guid":{"rendered":"https:\/\/logcarving.hu\/?page_id=2056"},"modified":"2025-11-25T13:42:49","modified_gmt":"2025-11-25T12:42:49","slug":"junk-furniture","status":"publish","type":"page","link":"https:\/\/logcarving.hu\/en\/ronkbutor\/","title":{"rendered":"Log furniture"},"content":{"rendered":"<div data-elementor-type=\"wp-page\" data-elementor-id=\"2056\" class=\"elementor elementor-2056\" data-elementor-post-type=\"page\">\n\t\t\t\t<div class=\"elementor-element elementor-element-1e8ba9c e-flex e-con-boxed e-con e-parent\" data-id=\"1e8ba9c\" data-element_type=\"container\" data-e-type=\"container\" id=\"ronkbutor\" data-settings=\"{&quot;background_background&quot;:&quot;classic&quot;}\">\n\t\t\t\t\t<div class=\"e-con-inner\">\n\t\t\t\t<div class=\"elementor-element elementor-element-66802ad elementor-widget elementor-widget-heading\" data-id=\"66802ad\" data-element_type=\"widget\" data-e-type=\"widget\" data-widget_type=\"heading.default\">\n\t\t\t\t<div class=\"elementor-widget-container\">\n\t\t\t\t\t<h2 class=\"elementor-heading-title elementor-size-default\">LOG FURNITURE<\/h2>\t\t\t\t<\/div>\n\t\t\t\t<\/div>\n\t\t\t\t<div class=\"elementor-element elementor-element-75640ad elementor-widget elementor-widget-text-editor\" data-id=\"75640ad\" data-element_type=\"widget\" data-e-type=\"widget\" data-widget_type=\"text-editor.default\">\n\t\t\t\t<div class=\"elementor-widget-container\">\n\t\t\t\t\t\t\t\t\t<p>\u201eI don't hide the wood's grain or knots \u2013 these give it its character. I make furniture that will serve generations.\u201d<\/p>\t\t\t\t\t\t\t\t<\/div>\n\t\t\t\t<\/div>\n\t\t\t\t<div class=\"elementor-element elementor-element-c8ee934 elementor-widget elementor-widget-image\" data-id=\"c8ee934\" data-element_type=\"widget\" data-e-type=\"widget\" data-widget_type=\"image.default\">\n\t\t\t\t<div class=\"elementor-widget-container\">\n\t\t\t\t\t\t\t\t\t\t\t\t\t\t\t<img fetchpriority=\"high\" decoding=\"async\" width=\"800\" height=\"600\" src=\"https:\/\/logcarving.hu\/wp-content\/uploads\/2025\/11\/product_4b9abaf110f10.webp\" class=\"elementor-animation-grow attachment-large size-large wp-image-2671\" alt=\"\" srcset=\"https:\/\/logcarving.hu\/wp-content\/uploads\/2025\/11\/product_4b9abaf110f10.webp 800w, https:\/\/logcarving.hu\/wp-content\/uploads\/2025\/11\/product_4b9abaf110f10-300x225.webp 300w, https:\/\/logcarving.hu\/wp-content\/uploads\/2025\/11\/product_4b9abaf110f10-768x576.webp 768w\" sizes=\"(max-width: 800px) 100vw, 800px\" \/>\t\t\t\t\t\t\t\t\t\t\t\t\t\t\t<\/div>\n\t\t\t\t<\/div>\n\t\t\t\t\t<\/div>\n\t\t\t\t<\/div>\n\t\t<div class=\"elementor-element elementor-element-95aa1b7 e-flex e-con-boxed e-con e-parent\" data-id=\"95aa1b7\" data-element_type=\"container\" data-e-type=\"container\" data-settings=\"{&quot;background_background&quot;:&quot;classic&quot;}\">\n\t\t\t\t\t<div class=\"e-con-inner\">\n\t\t<div class=\"elementor-element elementor-element-ee201e9 e-con-full e-flex e-con e-child\" data-id=\"ee201e9\" data-element_type=\"container\" data-e-type=\"container\">\n\t\t\t\t<div class=\"elementor-element elementor-element-4c16779 elementor-widget elementor-widget-image\" data-id=\"4c16779\" data-element_type=\"widget\" data-e-type=\"widget\" data-widget_type=\"image.default\">\n\t\t\t\t<div class=\"elementor-widget-container\">\n\t\t\t\t\t\t\t\t\t\t\t\t\t\t\t<img decoding=\"async\" width=\"800\" height=\"600\" src=\"https:\/\/logcarving.hu\/wp-content\/uploads\/2025\/11\/DSCF8664.webp\" class=\"elementor-animation-grow attachment-large size-large wp-image-2673\" alt=\"\" srcset=\"https:\/\/logcarving.hu\/wp-content\/uploads\/2025\/11\/DSCF8664.webp 800w, https:\/\/logcarving.hu\/wp-content\/uploads\/2025\/11\/DSCF8664-300x225.webp 300w, https:\/\/logcarving.hu\/wp-content\/uploads\/2025\/11\/DSCF8664-768x576.webp 768w\" sizes=\"(max-width: 800px) 100vw, 800px\" \/>\t\t\t\t\t\t\t\t\t\t\t\t\t\t\t<\/div>\n\t\t\t\t<\/div>\n\t\t\t\t<div class=\"elementor-element elementor-element-0f7675d elementor-widget elementor-widget-image\" data-id=\"0f7675d\" data-element_type=\"widget\" data-e-type=\"widget\" data-widget_type=\"image.default\">\n\t\t\t\t<div class=\"elementor-widget-container\">\n\t\t\t\t\t\t\t\t\t\t\t\t\t\t\t<img decoding=\"async\" width=\"800\" height=\"450\" src=\"https:\/\/logcarving.hu\/wp-content\/uploads\/2025\/11\/20200605_124806.webp\" class=\"elementor-animation-grow attachment-large size-large wp-image-2672\" alt=\"\" srcset=\"https:\/\/logcarving.hu\/wp-content\/uploads\/2025\/11\/20200605_124806.webp 800w, https:\/\/logcarving.hu\/wp-content\/uploads\/2025\/11\/20200605_124806-300x169.webp 300w, https:\/\/logcarving.hu\/wp-content\/uploads\/2025\/11\/20200605_124806-768x432.webp 768w\" sizes=\"(max-width: 800px) 100vw, 800px\" \/>\t\t\t\t\t\t\t\t\t\t\t\t\t\t\t<\/div>\n\t\t\t\t<\/div>\n\t\t\t\t<div class=\"elementor-element elementor-element-c77533f elementor-widget elementor-widget-image\" data-id=\"c77533f\" data-element_type=\"widget\" data-e-type=\"widget\" data-widget_type=\"image.default\">\n\t\t\t\t<div class=\"elementor-widget-container\">\n\t\t\t\t\t\t\t\t\t\t\t\t\t\t\t<img loading=\"lazy\" decoding=\"async\" width=\"800\" height=\"600\" src=\"https:\/\/logcarving.hu\/wp-content\/uploads\/2025\/11\/DSCF9006.webp\" class=\"elementor-animation-grow attachment-large size-large wp-image-2674\" alt=\"\" srcset=\"https:\/\/logcarving.hu\/wp-content\/uploads\/2025\/11\/DSCF9006.webp 800w, https:\/\/logcarving.hu\/wp-content\/uploads\/2025\/11\/DSCF9006-300x225.webp 300w, https:\/\/logcarving.hu\/wp-content\/uploads\/2025\/11\/DSCF9006-768x576.webp 768w\" sizes=\"(max-width: 800px) 100vw, 800px\" \/>\t\t\t\t\t\t\t\t\t\t\t\t\t\t\t<\/div>\n\t\t\t\t<\/div>\n\t\t\t\t<\/div>\n\t\t\t\t\t<\/div>\n\t\t\t\t<\/div>\n\t\t<div class=\"elementor-element elementor-element-b6a9f88 e-flex e-con-boxed e-con e-parent\" data-id=\"b6a9f88\" data-element_type=\"container\" data-e-type=\"container\" data-settings=\"{&quot;background_background&quot;:&quot;classic&quot;}\">\n\t\t\t\t\t<div class=\"e-con-inner\">\n\t\t<div class=\"elementor-element elementor-element-9d1883d e-con-full e-flex e-con e-child\" data-id=\"9d1883d\" data-element_type=\"container\" data-e-type=\"container\">\n\t\t\t\t<div class=\"elementor-element elementor-element-435d0ad elementor-widget elementor-widget-image\" data-id=\"435d0ad\" data-element_type=\"widget\" data-e-type=\"widget\" data-widget_type=\"image.default\">\n\t\t\t\t<div class=\"elementor-widget-container\">\n\t\t\t\t\t\t\t\t\t\t\t\t\t\t\t<img loading=\"lazy\" decoding=\"async\" width=\"800\" height=\"450\" src=\"https:\/\/logcarving.hu\/wp-content\/uploads\/2025\/11\/20200511_180803.webp\" class=\"elementor-animation-grow attachment-large size-large wp-image-2676\" alt=\"\" srcset=\"https:\/\/logcarving.hu\/wp-content\/uploads\/2025\/11\/20200511_180803.webp 800w, https:\/\/logcarving.hu\/wp-content\/uploads\/2025\/11\/20200511_180803-300x169.webp 300w, https:\/\/logcarving.hu\/wp-content\/uploads\/2025\/11\/20200511_180803-768x432.webp 768w\" sizes=\"(max-width: 800px) 100vw, 800px\" \/>\t\t\t\t\t\t\t\t\t\t\t\t\t\t\t<\/div>\n\t\t\t\t<\/div>\n\t\t\t\t<div class=\"elementor-element elementor-element-86ca06b elementor-widget elementor-widget-image\" data-id=\"86ca06b\" data-element_type=\"widget\" data-e-type=\"widget\" data-widget_type=\"image.default\">\n\t\t\t\t<div class=\"elementor-widget-container\">\n\t\t\t\t\t\t\t\t\t\t\t\t\t\t\t<img loading=\"lazy\" decoding=\"async\" width=\"800\" height=\"600\" src=\"https:\/\/logcarving.hu\/wp-content\/uploads\/2025\/11\/product_4af34969b6ca3.webp\" class=\"elementor-animation-grow attachment-large size-large wp-image-2677\" alt=\"\" srcset=\"https:\/\/logcarving.hu\/wp-content\/uploads\/2025\/11\/product_4af34969b6ca3.webp 800w, https:\/\/logcarving.hu\/wp-content\/uploads\/2025\/11\/product_4af34969b6ca3-300x225.webp 300w, https:\/\/logcarving.hu\/wp-content\/uploads\/2025\/11\/product_4af34969b6ca3-768x576.webp 768w\" sizes=\"(max-width: 800px) 100vw, 800px\" \/>\t\t\t\t\t\t\t\t\t\t\t\t\t\t\t<\/div>\n\t\t\t\t<\/div>\n\t\t\t\t<div class=\"elementor-element elementor-element-cc3e481 elementor-widget elementor-widget-image\" data-id=\"cc3e481\" data-element_type=\"widget\" data-e-type=\"widget\" data-widget_type=\"image.default\">\n\t\t\t\t<div class=\"elementor-widget-container\">\n\t\t\t\t\t\t\t\t\t\t\t\t\t\t\t<img loading=\"lazy\" decoding=\"async\" width=\"800\" height=\"450\" src=\"https:\/\/logcarving.hu\/wp-content\/uploads\/2025\/11\/20181212_150456.webp\" class=\"elementor-animation-grow attachment-large size-large wp-image-2675\" alt=\"\" srcset=\"https:\/\/logcarving.hu\/wp-content\/uploads\/2025\/11\/20181212_150456.webp 800w, https:\/\/logcarving.hu\/wp-content\/uploads\/2025\/11\/20181212_150456-300x169.webp 300w, https:\/\/logcarving.hu\/wp-content\/uploads\/2025\/11\/20181212_150456-768x432.webp 768w\" sizes=\"(max-width: 800px) 100vw, 800px\" \/>\t\t\t\t\t\t\t\t\t\t\t\t\t\t\t<\/div>\n\t\t\t\t<\/div>\n\t\t\t\t<\/div>\n\t\t\t\t\t<\/div>\n\t\t\t\t<\/div>\n\t\t<div class=\"elementor-element elementor-element-1d6e8d1 e-flex e-con-boxed e-con e-parent\" data-id=\"1d6e8d1\" data-element_type=\"container\" data-e-type=\"container\" data-settings=\"{&quot;background_background&quot;:&quot;classic&quot;}\">\n\t\t\t\t\t<div class=\"e-con-inner\">\n\t\t<div class=\"elementor-element elementor-element-4c8a367 e-con-full e-flex e-con e-child\" data-id=\"4c8a367\" data-element_type=\"container\" data-e-type=\"container\">\n\t\t\t\t<div class=\"elementor-element elementor-element-2c5024f elementor-widget elementor-widget-image\" data-id=\"2c5024f\" data-element_type=\"widget\" data-e-type=\"widget\" data-widget_type=\"image.default\">\n\t\t\t\t<div class=\"elementor-widget-container\">\n\t\t\t\t\t\t\t\t\t\t\t\t\t\t\t<img loading=\"lazy\" decoding=\"async\" width=\"800\" height=\"600\" src=\"https:\/\/logcarving.hu\/wp-content\/uploads\/2025\/11\/IMG_20200821_123620-1.webp\" class=\"elementor-animation-grow attachment-large size-large wp-image-2683\" alt=\"\" srcset=\"https:\/\/logcarving.hu\/wp-content\/uploads\/2025\/11\/IMG_20200821_123620-1.webp 800w, https:\/\/logcarving.hu\/wp-content\/uploads\/2025\/11\/IMG_20200821_123620-1-300x225.webp 300w, https:\/\/logcarving.hu\/wp-content\/uploads\/2025\/11\/IMG_20200821_123620-1-768x576.webp 768w\" sizes=\"(max-width: 800px) 100vw, 800px\" \/>\t\t\t\t\t\t\t\t\t\t\t\t\t\t\t<\/div>\n\t\t\t\t<\/div>\n\t\t\t\t<div class=\"elementor-element elementor-element-3fd39cb elementor-widget elementor-widget-image\" data-id=\"3fd39cb\" data-element_type=\"widget\" data-e-type=\"widget\" data-widget_type=\"image.default\">\n\t\t\t\t<div class=\"elementor-widget-container\">\n\t\t\t\t\t\t\t\t\t\t\t\t\t\t\t<img loading=\"lazy\" decoding=\"async\" width=\"800\" height=\"360\" src=\"https:\/\/logcarving.hu\/wp-content\/uploads\/2025\/11\/20210707_101847.webp\" class=\"elementor-animation-grow attachment-large size-large wp-image-2681\" alt=\"\" srcset=\"https:\/\/logcarving.hu\/wp-content\/uploads\/2025\/11\/20210707_101847.webp 800w, https:\/\/logcarving.hu\/wp-content\/uploads\/2025\/11\/20210707_101847-300x135.webp 300w, https:\/\/logcarving.hu\/wp-content\/uploads\/2025\/11\/20210707_101847-768x346.webp 768w\" sizes=\"(max-width: 800px) 100vw, 800px\" \/>\t\t\t\t\t\t\t\t\t\t\t\t\t\t\t<\/div>\n\t\t\t\t<\/div>\n\t\t\t\t<div class=\"elementor-element elementor-element-e57d29e elementor-widget elementor-widget-image\" data-id=\"e57d29e\" data-element_type=\"widget\" data-e-type=\"widget\" data-widget_type=\"image.default\">\n\t\t\t\t<div class=\"elementor-widget-container\">\n\t\t\t\t\t\t\t\t\t\t\t\t\t\t\t<img loading=\"lazy\" decoding=\"async\" width=\"800\" height=\"450\" src=\"https:\/\/logcarving.hu\/wp-content\/uploads\/2025\/11\/20230622_152213.webp\" class=\"elementor-animation-grow attachment-large size-large wp-image-2682\" alt=\"\" srcset=\"https:\/\/logcarving.hu\/wp-content\/uploads\/2025\/11\/20230622_152213.webp 800w, https:\/\/logcarving.hu\/wp-content\/uploads\/2025\/11\/20230622_152213-300x169.webp 300w, https:\/\/logcarving.hu\/wp-content\/uploads\/2025\/11\/20230622_152213-768x432.webp 768w\" sizes=\"(max-width: 800px) 100vw, 800px\" \/>\t\t\t\t\t\t\t\t\t\t\t\t\t\t\t<\/div>\n\t\t\t\t<\/div>\n\t\t\t\t<\/div>\n\t\t\t\t\t<\/div>\n\t\t\t\t<\/div>\n\t\t\t\t<\/div>","protected":false},"excerpt":{"rendered":"<p>R\u00d6NKB\u00daTOR \u201eI don't hide the wood's grain, its knots - they give it its character. I make furniture that will serve generations.\u201d<\/p>","protected":false},"author":1,"featured_media":0,"parent":0,"menu_order":0,"comment_status":"closed","ping_status":"closed","template":"elementor_header_footer","meta":{"site-sidebar-layout":"no-sidebar","site-content-layout":"page-builder","ast-site-content-layout":"full-width-container","site-content-style":"default","site-sidebar-style":"default","ast-global-header-display":"","ast-banner-title-visibility":"","ast-main-header-display":"","ast-hfb-above-header-display":"","ast-hfb-below-header-display":"","ast-hfb-mobile-header-display":"","site-post-title":"disabled","ast-breadcrumbs-content":"","ast-featured-img":"disabled","footer-sml-layout":"","ast-disable-related-posts":"","theme-transparent-header-meta":"","adv-header-id-meta":"","stick-header-meta":"","header-above-stick-meta":"","header-main-stick-meta":"","header-below-stick-meta":"","astra-migrate-meta-layouts":"set","ast-page-background-enabled":"default","ast-page-background-meta":{"desktop":{"background-color":"var(--ast-global-color-4)","background-image":"","background-repeat":"repeat","background-position":"center center","background-size":"auto","background-attachment":"scroll","background-type":"","background-media":"","overlay-type":"","overlay-color":"","overlay-opacity":"","overlay-gradient":""},"tablet":{"background-color":"","background-image":"","background-repeat":"repeat","background-position":"center center","background-size":"auto","background-attachment":"scroll","background-type":"","background-media":"","overlay-type":"","overlay-color":"","overlay-opacity":"","overlay-gradient":""},"mobile":{"background-color":"","background-image":"","background-repeat":"repeat","background-position":"center center","background-size":"auto","background-attachment":"scroll","background-type":"","background-media":"","overlay-type":"","overlay-color":"","overlay-opacity":"","overlay-gradient":""}},"ast-content-background-meta":{"desktop":{"background-color":"var(--ast-global-color-5)","background-image":"","background-repeat":"repeat","background-position":"center center","background-size":"auto","background-attachment":"scroll","background-type":"","background-media":"","overlay-type":"","overlay-color":"","overlay-opacity":"","overlay-gradient":""},"tablet":{"background-color":"var(--ast-global-color-5)","background-image":"","background-repeat":"repeat","background-position":"center center","background-size":"auto","background-attachment":"scroll","background-type":"","background-media":"","overlay-type":"","overlay-color":"","overlay-opacity":"","overlay-gradient":""},"mobile":{"background-color":"var(--ast-global-color-5)","background-image":"","background-repeat":"repeat","background-position":"center center","background-size":"auto","background-attachment":"scroll","background-type":"","background-media":"","overlay-type":"","overlay-color":"","overlay-opacity":"","overlay-gradient":""}},"footnotes":""},"class_list":["post-2056","page","type-page","status-publish","hentry"],"yoast_head":"<!-- This site is optimized with the Yoast SEO Premium plugin v27.5 (Yoast SEO v27.5) - https:\/\/yoast.com\/product\/yoast-seo-premium-wordpress\/ -->\n<title>R\u00f6nkb\u00fator - Logcarving<\/title>\n<meta name=\"robots\" content=\"index, follow, max-snippet:-1, max-image-preview:large, max-video-preview:-1\" \/>\n<link rel=\"canonical\" href=\"https:\/\/logcarving.hu\/en\/junk-furniture\/\" \/>\n<meta property=\"og:locale\" content=\"en_GB\" \/>\n<meta property=\"og:type\" content=\"article\" \/>\n<meta property=\"og:title\" content=\"R\u00f6nkb\u00fator\" \/>\n<meta property=\"og:description\" content=\"R\u00d6NKB\u00daTOR \u201eNem rejtem el a fa erezet\u00e9t, g\u00f6cs\u00f6rtjeit \u2013 ezek adj\u00e1k a karakter\u00e9t. Olyan b\u00fatorokat k\u00e9sz\u00edtek, amik gener\u00e1ci\u00f3kat is kiszolg\u00e1lnak.\u201d\" \/>\n<meta property=\"og:url\" content=\"https:\/\/logcarving.hu\/en\/junk-furniture\/\" \/>\n<meta property=\"og:site_name\" content=\"Logcarving\" \/>\n<meta property=\"article:modified_time\" content=\"2025-11-25T12:42:49+00:00\" \/>\n<meta property=\"og:image\" content=\"https:\/\/logcarving.hu\/wp-content\/uploads\/2025\/11\/product_4b9abaf110f10.webp\" \/>\n<meta name=\"twitter:card\" content=\"summary_large_image\" \/>\n<script type=\"application\/ld+json\" class=\"yoast-schema-graph\">{\"@context\":\"https:\\\/\\\/schema.org\",\"@graph\":[{\"@type\":\"WebPage\",\"@id\":\"https:\\\/\\\/logcarving.hu\\\/ronkbutor\\\/\",\"url\":\"https:\\\/\\\/logcarving.hu\\\/ronkbutor\\\/\",\"name\":\"R\u00f6nkb\u00fator - Logcarving\",\"isPartOf\":{\"@id\":\"https:\\\/\\\/logcarving.hu\\\/#website\"},\"primaryImageOfPage\":{\"@id\":\"https:\\\/\\\/logcarving.hu\\\/ronkbutor\\\/#primaryimage\"},\"image\":{\"@id\":\"https:\\\/\\\/logcarving.hu\\\/ronkbutor\\\/#primaryimage\"},\"thumbnailUrl\":\"https:\\\/\\\/logcarving.hu\\\/wp-content\\\/uploads\\\/2025\\\/11\\\/product_4b9abaf110f10.webp\",\"datePublished\":\"2025-08-18T09:28:53+00:00\",\"dateModified\":\"2025-11-25T12:42:49+00:00\",\"breadcrumb\":{\"@id\":\"https:\\\/\\\/logcarving.hu\\\/ronkbutor\\\/#breadcrumb\"},\"inLanguage\":\"en-GB\",\"potentialAction\":[{\"@type\":\"ReadAction\",\"target\":[\"https:\\\/\\\/logcarving.hu\\\/ronkbutor\\\/\"]}]},{\"@type\":\"ImageObject\",\"inLanguage\":\"en-GB\",\"@id\":\"https:\\\/\\\/logcarving.hu\\\/ronkbutor\\\/#primaryimage\",\"url\":\"https:\\\/\\\/logcarving.hu\\\/wp-content\\\/uploads\\\/2025\\\/11\\\/product_4b9abaf110f10.webp\",\"contentUrl\":\"https:\\\/\\\/logcarving.hu\\\/wp-content\\\/uploads\\\/2025\\\/11\\\/product_4b9abaf110f10.webp\"},{\"@type\":\"BreadcrumbList\",\"@id\":\"https:\\\/\\\/logcarving.hu\\\/ronkbutor\\\/#breadcrumb\",\"itemListElement\":[{\"@type\":\"ListItem\",\"position\":1,\"name\":\"Kezd\u0151lap\",\"item\":\"https:\\\/\\\/logcarving.hu\\\/\"},{\"@type\":\"ListItem\",\"position\":2,\"name\":\"R\u00f6nkb\u00fator\"}]},{\"@type\":\"WebSite\",\"@id\":\"https:\\\/\\\/logcarving.hu\\\/#website\",\"url\":\"https:\\\/\\\/logcarving.hu\\\/\",\"name\":\"Logcarving\",\"description\":\"Fafarag\u00e1s \u00e9s r\u00f6nkb\u00fator k\u00e9sz\u00edt\u00e9s\",\"publisher\":{\"@id\":\"https:\\\/\\\/logcarving.hu\\\/#organization\"},\"potentialAction\":[{\"@type\":\"SearchAction\",\"target\":{\"@type\":\"EntryPoint\",\"urlTemplate\":\"https:\\\/\\\/logcarving.hu\\\/?s={search_term_string}\"},\"query-input\":{\"@type\":\"PropertyValueSpecification\",\"valueRequired\":true,\"valueName\":\"search_term_string\"}}],\"inLanguage\":\"en-GB\"},{\"@type\":\"Organization\",\"@id\":\"https:\\\/\\\/logcarving.hu\\\/#organization\",\"name\":\"Logcarving\",\"url\":\"https:\\\/\\\/logcarving.hu\\\/\",\"logo\":{\"@type\":\"ImageObject\",\"inLanguage\":\"en-GB\",\"@id\":\"https:\\\/\\\/logcarving.hu\\\/#\\\/schema\\\/logo\\\/image\\\/\",\"url\":\"https:\\\/\\\/logcarving.hu\\\/wp-content\\\/uploads\\\/2025\\\/06\\\/erasebg-transformed.webp\",\"contentUrl\":\"https:\\\/\\\/logcarving.hu\\\/wp-content\\\/uploads\\\/2025\\\/06\\\/erasebg-transformed.webp\",\"width\":375,\"height\":375,\"caption\":\"Logcarving\"},\"image\":{\"@id\":\"https:\\\/\\\/logcarving.hu\\\/#\\\/schema\\\/logo\\\/image\\\/\"}}]}<\/script>\n<!-- \/ Yoast SEO Premium plugin. -->","yoast_head_json":{"title":"Log furniture - Logcarving","robots":{"index":"index","follow":"follow","max-snippet":"max-snippet:-1","max-image-preview":"max-image-preview:large","max-video-preview":"max-video-preview:-1"},"canonical":"https:\/\/logcarving.hu\/en\/junk-furniture\/","og_locale":"en_GB","og_type":"article","og_title":"R\u00f6nkb\u00fator","og_description":"R\u00d6NKB\u00daTOR \u201eNem rejtem el a fa erezet\u00e9t, g\u00f6cs\u00f6rtjeit \u2013 ezek adj\u00e1k a karakter\u00e9t. Olyan b\u00fatorokat k\u00e9sz\u00edtek, amik gener\u00e1ci\u00f3kat is kiszolg\u00e1lnak.\u201d","og_url":"https:\/\/logcarving.hu\/en\/junk-furniture\/","og_site_name":"Logcarving","article_modified_time":"2025-11-25T12:42:49+00:00","og_image":[{"url":"https:\/\/logcarving.hu\/wp-content\/uploads\/2025\/11\/product_4b9abaf110f10.webp","type":"","width":"","height":""}],"twitter_card":"summary_large_image","schema":{"@context":"https:\/\/schema.org","@graph":[{"@type":"WebPage","@id":"https:\/\/logcarving.hu\/ronkbutor\/","url":"https:\/\/logcarving.hu\/ronkbutor\/","name":"Log furniture - Logcarving","isPartOf":{"@id":"https:\/\/logcarving.hu\/#website"},"primaryImageOfPage":{"@id":"https:\/\/logcarving.hu\/ronkbutor\/#primaryimage"},"image":{"@id":"https:\/\/logcarving.hu\/ronkbutor\/#primaryimage"},"thumbnailUrl":"https:\/\/logcarving.hu\/wp-content\/uploads\/2025\/11\/product_4b9abaf110f10.webp","datePublished":"2025-08-18T09:28:53+00:00","dateModified":"2025-11-25T12:42:49+00:00","breadcrumb":{"@id":"https:\/\/logcarving.hu\/ronkbutor\/#breadcrumb"},"inLanguage":"en-GB","potentialAction":[{"@type":"ReadAction","target":["https:\/\/logcarving.hu\/ronkbutor\/"]}]},{"@type":"ImageObject","inLanguage":"en-GB","@id":"https:\/\/logcarving.hu\/ronkbutor\/#primaryimage","url":"https:\/\/logcarving.hu\/wp-content\/uploads\/2025\/11\/product_4b9abaf110f10.webp","contentUrl":"https:\/\/logcarving.hu\/wp-content\/uploads\/2025\/11\/product_4b9abaf110f10.webp"},{"@type":"BreadcrumbList","@id":"https:\/\/logcarving.hu\/ronkbutor\/#breadcrumb","itemListElement":[{"@type":"ListItem","position":1,"name":"Kezd\u0151lap","item":"https:\/\/logcarving.hu\/"},{"@type":"ListItem","position":2,"name":"R\u00f6nkb\u00fator"}]},{"@type":"WebSite","@id":"https:\/\/logcarving.hu\/#website","url":"https:\/\/logcarving.hu\/","name":"Logcarving","description":"Woodcarving and log furniture making","publisher":{"@id":"https:\/\/logcarving.hu\/#organization"},"potentialAction":[{"@type":"SearchAction","target":{"@type":"EntryPoint","urlTemplate":"https:\/\/logcarving.hu\/?s={search_term_string}"},"query-input":{"@type":"PropertyValueSpecification","valueRequired":true,"valueName":"search_term_string"}}],"inLanguage":"en-GB"},{"@type":"Organization","@id":"https:\/\/logcarving.hu\/#organization","name":"Logcarving","url":"https:\/\/logcarving.hu\/","logo":{"@type":"ImageObject","inLanguage":"en-GB","@id":"https:\/\/logcarving.hu\/#\/schema\/logo\/image\/","url":"https:\/\/logcarving.hu\/wp-content\/uploads\/2025\/06\/erasebg-transformed.webp","contentUrl":"https:\/\/logcarving.hu\/wp-content\/uploads\/2025\/06\/erasebg-transformed.webp","width":375,"height":375,"caption":"Logcarving"},"image":{"@id":"https:\/\/logcarving.hu\/#\/schema\/logo\/image\/"}}]}},"_links":{"self":[{"href":"https:\/\/logcarving.hu\/en\/wp-json\/wp\/v2\/pages\/2056","targetHints":{"allow":["GET"]}}],"collection":[{"href":"https:\/\/logcarving.hu\/en\/wp-json\/wp\/v2\/pages"}],"about":[{"href":"https:\/\/logcarving.hu\/en\/wp-json\/wp\/v2\/types\/page"}],"author":[{"embeddable":true,"href":"https:\/\/logcarving.hu\/en\/wp-json\/wp\/v2\/users\/1"}],"replies":[{"embeddable":true,"href":"https:\/\/logcarving.hu\/en\/wp-json\/wp\/v2\/comments?post=2056"}],"version-history":[{"count":58,"href":"https:\/\/logcarving.hu\/en\/wp-json\/wp\/v2\/pages\/2056\/revisions"}],"predecessor-version":[{"id":2852,"href":"https:\/\/logcarving.hu\/en\/wp-json\/wp\/v2\/pages\/2056\/revisions\/2852"}],"wp:attachment":[{"href":"https:\/\/logcarving.hu\/en\/wp-json\/wp\/v2\/media?parent=2056"}],"curies":[{"name":"wp","href":"https:\/\/api.w.org\/{rel}","templated":true}]}}